{"id":15,"date":"2012-05-14T15:14:19","date_gmt":"2012-05-14T15:14:19","guid":{"rendered":"http:\/\/www.beriaux.be\/?page_id=15"},"modified":"2012-05-15T03:15:32","modified_gmt":"2012-05-15T03:15:32","slug":"aluminium","status":"publish","type":"page","link":"https:\/\/beriaux.be\/?page_id=15","title":{"rendered":"ALUMINIUM"},"content":{"rendered":"<!-- default-view.php -->\n<div\n\tclass=\"ngg-galleryoverview default-view  ngg-ajax-pagination-none\"\n\tid=\"ngg-gallery-d70790d7ff1d2fd841e8dbc02929dbd4-1\">\n\n\t\t<!-- Thumbnails -->\n\t\t\t\t<div id=\"ngg-image-0\" class=\"ngg-gallery-thumbnail-box \" >\n\t\t\t\t        <div class=\"ngg-gallery-thumbnail\">\n            <a href=\"https:\/\/beriaux.be\/wp-content\/gallery\/aluminium\/chassisalu01.jpg\"\n               title=\"\"\n               data-src=\"https:\/\/beriaux.be\/wp-content\/gallery\/aluminium\/chassisalu01.jpg\"\n               data-thumbnail=\"https:\/\/beriaux.be\/wp-content\/gallery\/aluminium\/thumbs\/thumbs_chassisalu01.jpg\"\n               data-image-id=\"4\"\n               data-title=\"chassisalu01\"\n               data-description=\"\"\n               data-image-slug=\"chassisalu01\"\n               class=\"shutterset_d70790d7ff1d2fd841e8dbc02929dbd4\">\n                <img\n                    title=\"chassisalu01\"\n                    alt=\"chassisalu01\"\n                    src=\"https:\/\/beriaux.be\/wp-content\/gallery\/aluminium\/thumbs\/thumbs_chassisalu01.jpg\"\n                    width=\"100\"\n                    height=\"75\"\n                    style=\"max-width:100%;\"\n                \/>\n            <\/a>\n        <\/div>\n\t\t\t\t\t\t\t<\/div> \n\t\t\t\n\t\t\t\t<div id=\"ngg-image-1\" class=\"ngg-gallery-thumbnail-box \" >\n\t\t\t\t        <div class=\"ngg-gallery-thumbnail\">\n            <a href=\"https:\/\/beriaux.be\/wp-content\/gallery\/aluminium\/chassisalu02.jpg\"\n               title=\"\"\n               data-src=\"https:\/\/beriaux.be\/wp-content\/gallery\/aluminium\/chassisalu02.jpg\"\n               data-thumbnail=\"https:\/\/beriaux.be\/wp-content\/gallery\/aluminium\/thumbs\/thumbs_chassisalu02.jpg\"\n               data-image-id=\"5\"\n               data-title=\"chassisalu02\"\n               data-description=\"\"\n               data-image-slug=\"chassisalu02\"\n               class=\"shutterset_d70790d7ff1d2fd841e8dbc02929dbd4\">\n                <img\n                    title=\"chassisalu02\"\n                    alt=\"chassisalu02\"\n                    src=\"https:\/\/beriaux.be\/wp-content\/gallery\/aluminium\/thumbs\/thumbs_chassisalu02.jpg\"\n                    width=\"100\"\n                    height=\"75\"\n                    style=\"max-width:100%;\"\n                \/>\n            <\/a>\n        <\/div>\n\t\t\t\t\t\t\t<\/div> \n\t\t\t\n\t\t\t\t<div id=\"ngg-image-2\" class=\"ngg-gallery-thumbnail-box \" >\n\t\t\t\t        <div class=\"ngg-gallery-thumbnail\">\n            <a href=\"https:\/\/beriaux.be\/wp-content\/gallery\/aluminium\/chassisalu03.jpg\"\n               title=\"\"\n               data-src=\"https:\/\/beriaux.be\/wp-content\/gallery\/aluminium\/chassisalu03.jpg\"\n               data-thumbnail=\"https:\/\/beriaux.be\/wp-content\/gallery\/aluminium\/thumbs\/thumbs_chassisalu03.jpg\"\n               data-image-id=\"6\"\n               data-title=\"chassisalu03\"\n               data-description=\"\"\n               data-image-slug=\"chassisalu03\"\n               class=\"shutterset_d70790d7ff1d2fd841e8dbc02929dbd4\">\n                <img\n                    title=\"chassisalu03\"\n                    alt=\"chassisalu03\"\n                    src=\"https:\/\/beriaux.be\/wp-content\/gallery\/aluminium\/thumbs\/thumbs_chassisalu03.jpg\"\n                    width=\"100\"\n                    height=\"75\"\n                    style=\"max-width:100%;\"\n                \/>\n            <\/a>\n        <\/div>\n\t\t\t\t\t\t\t<\/div> \n\t\t\t\n\t\n\t<br style=\"clear: both\" \/>\n\n\t\n\t\t<!-- Pagination -->\n\t<div class='ngg-clear'><\/div>\t<\/div>\n\n<p>Les ch\u00e2ssis sont enti\u00e8rement r\u00e9alis\u00e9s par des techniciens exp\u00e9riment\u00e9s ce qui vous garanti un service de qualit\u00e9<\/p>\n<p>Nous r\u00e9alisons:<\/p>\n<ul>\n<li>Ch\u00e2ssis de fen\u00eatre<\/li>\n<li>Portes d\u2019entr\u00e9e en tous genres<\/li>\n<li>Vitrines et entr\u00e9es de magasins<\/li>\n<li>Ch\u00e2ssis et entr\u00e9es de s\u00e9curit\u00e9 pour banques et commerces.<\/li>\n<li>V\u00e9randa.<\/li>\n<li>Verri\u00e8re, lanterneau, et sous lanterneau en tous genres.<\/li>\n<li>S\u00e9parations et garde-corps de terrasses.<\/li>\n<\/ul>\n","protected":false},"excerpt":{"rendered":"<p>Les ch\u00e2ssis sont enti\u00e8rement r\u00e9alis\u00e9s par des techniciens exp\u00e9riment\u00e9s ce qui vous garanti un service de qualit\u00e9 Nous r\u00e9alisons: Ch\u00e2ssis de fen\u00eatre Portes d\u2019entr\u00e9e en tous genres Vitrines et entr\u00e9es de magasins Ch\u00e2ssis et entr\u00e9es de s\u00e9curit\u00e9 pour banques et commerces. V\u00e9randa. Verri\u00e8re, lanterneau, et sous lanterneau en tous genres. S\u00e9parations et garde-corps de terrasses.<\/p>\n","protected":false},"author":1,"featured_media":0,"parent":10,"menu_order":1,"comment_status":"closed","ping_status":"closed","template":"","meta":{"ngg_post_thumbnail":0},"_links":{"self":[{"href":"https:\/\/beriaux.be\/index.php?rest_route=\/wp\/v2\/pages\/15"}],"collection":[{"href":"https:\/\/beriaux.be\/index.php?rest_route=\/wp\/v2\/pages"}],"about":[{"href":"https:\/\/beriaux.be\/index.php?rest_route=\/wp\/v2\/types\/page"}],"author":[{"embeddable":true,"href":"https:\/\/beriaux.be\/index.php?rest_route=\/wp\/v2\/users\/1"}],"replies":[{"embeddable":true,"href":"https:\/\/beriaux.be\/index.php?rest_route=%2Fwp%2Fv2%2Fcomments&post=15"}],"version-history":[{"count":5,"href":"https:\/\/beriaux.be\/index.php?rest_route=\/wp\/v2\/pages\/15\/revisions"}],"predecessor-version":[{"id":28,"href":"https:\/\/beriaux.be\/index.php?rest_route=\/wp\/v2\/pages\/15\/revisions\/28"}],"up":[{"embeddable":true,"href":"https:\/\/beriaux.be\/index.php?rest_route=\/wp\/v2\/pages\/10"}],"wp:attachment":[{"href":"https:\/\/beriaux.be\/index.php?rest_route=%2Fwp%2Fv2%2Fmedia&parent=15"}],"curies":[{"name":"wp","href":"https:\/\/api.w.org\/{rel}","templated":true}]}}