{"id":17,"date":"2012-05-14T15:15:01","date_gmt":"2012-05-14T15:15:01","guid":{"rendered":"http:\/\/www.beriaux.be\/?page_id=17"},"modified":"2012-05-15T03:16:47","modified_gmt":"2012-05-15T03:16:47","slug":"isolation-et-securite","status":"publish","type":"page","link":"https:\/\/beriaux.be\/?page_id=17","title":{"rendered":"ISOLATION et SECURITE"},"content":{"rendered":"<!-- default-view.php -->\n<div\n\tclass=\"ngg-galleryoverview default-view  ngg-ajax-pagination-none\"\n\tid=\"ngg-gallery-15f76574c706b798a6a7d1ef64b764be-1\">\n\n\t\t<!-- Thumbnails -->\n\t\t\t\t<div id=\"ngg-image-0\" class=\"ngg-gallery-thumbnail-box \" >\n\t\t\t\t        <div class=\"ngg-gallery-thumbnail\">\n            <a href=\"https:\/\/beriaux.be\/wp-content\/gallery\/isolation_securite\/isolationsecurite01.jpg\"\n               title=\"\"\n               data-src=\"https:\/\/beriaux.be\/wp-content\/gallery\/isolation_securite\/isolationsecurite01.jpg\"\n               data-thumbnail=\"https:\/\/beriaux.be\/wp-content\/gallery\/isolation_securite\/thumbs\/thumbs_isolationsecurite01.jpg\"\n               data-image-id=\"9\"\n               data-title=\"isolationsecurite01\"\n               data-description=\"\"\n               data-image-slug=\"isolationsecurite01\"\n               class=\"shutterset_15f76574c706b798a6a7d1ef64b764be\">\n                <img\n                    title=\"isolationsecurite01\"\n                    alt=\"isolationsecurite01\"\n                    src=\"https:\/\/beriaux.be\/wp-content\/gallery\/isolation_securite\/thumbs\/thumbs_isolationsecurite01.jpg\"\n                    width=\"100\"\n                    height=\"75\"\n                    style=\"max-width:100%;\"\n                \/>\n            <\/a>\n        <\/div>\n\t\t\t\t\t\t\t<\/div> \n\t\t\t\n\t\t\t\t<div id=\"ngg-image-1\" class=\"ngg-gallery-thumbnail-box \" >\n\t\t\t\t        <div class=\"ngg-gallery-thumbnail\">\n            <a href=\"https:\/\/beriaux.be\/wp-content\/gallery\/isolation_securite\/isolationsecurite02.jpg\"\n               title=\"\"\n               data-src=\"https:\/\/beriaux.be\/wp-content\/gallery\/isolation_securite\/isolationsecurite02.jpg\"\n               data-thumbnail=\"https:\/\/beriaux.be\/wp-content\/gallery\/isolation_securite\/thumbs\/thumbs_isolationsecurite02.jpg\"\n               data-image-id=\"10\"\n               data-title=\"isolationsecurite02\"\n               data-description=\"\"\n               data-image-slug=\"isolationsecurite02\"\n               class=\"shutterset_15f76574c706b798a6a7d1ef64b764be\">\n                <img\n                    title=\"isolationsecurite02\"\n                    alt=\"isolationsecurite02\"\n                    src=\"https:\/\/beriaux.be\/wp-content\/gallery\/isolation_securite\/thumbs\/thumbs_isolationsecurite02.jpg\"\n                    width=\"100\"\n                    height=\"75\"\n                    style=\"max-width:100%;\"\n                \/>\n            <\/a>\n        <\/div>\n\t\t\t\t\t\t\t<\/div> \n\t\t\t\n\t\n\t<br style=\"clear: both\" \/>\n\n\t\n\t\t<!-- Pagination -->\n\t<div class='ngg-clear'><\/div>\t<\/div>\n\n<p>Depuis l\u2019apparition des profil\u00e9s \u00e0 coupure thermique, les qualit\u00e9s isolantes des ch\u00e2ssis, en aluminium r\u00e9pondent pleinement aux exigences tant en mati\u00e8re d\u2019isolation thermique que acoustique.<\/p>\n<p>D\u2019autres \u00e9volutions adapt\u00e9es au niveau du confort et de la s\u00e9curit\u00e9 sont mises \u00e0 l\u2019\u00e9tude dans nos ateliers :<\/p>\n<ul>\n<li>anti-balles<\/li>\n<li>retardateur d\u2019effraction<\/li>\n<\/ul>\n","protected":false},"excerpt":{"rendered":"<p>Depuis l\u2019apparition des profil\u00e9s \u00e0 coupure thermique, les qualit\u00e9s isolantes des ch\u00e2ssis, en aluminium r\u00e9pondent pleinement aux exigences tant en mati\u00e8re d\u2019isolation thermique que acoustique. D\u2019autres \u00e9volutions adapt\u00e9es au niveau du confort et de la s\u00e9curit\u00e9 sont mises \u00e0 l\u2019\u00e9tude dans nos ateliers : anti-balles retardateur d\u2019effraction<\/p>\n","protected":false},"author":1,"featured_media":0,"parent":10,"menu_order":3,"comment_status":"closed","ping_status":"closed","template":"","meta":{"ngg_post_thumbnail":0},"_links":{"self":[{"href":"https:\/\/beriaux.be\/index.php?rest_route=\/wp\/v2\/pages\/17"}],"collection":[{"href":"https:\/\/beriaux.be\/index.php?rest_route=\/wp\/v2\/pages"}],"about":[{"href":"https:\/\/beriaux.be\/index.php?rest_route=\/wp\/v2\/types\/page"}],"author":[{"embeddable":true,"href":"https:\/\/beriaux.be\/index.php?rest_route=\/wp\/v2\/users\/1"}],"replies":[{"embeddable":true,"href":"https:\/\/beriaux.be\/index.php?rest_route=%2Fwp%2Fv2%2Fcomments&post=17"}],"version-history":[{"count":3,"href":"https:\/\/beriaux.be\/index.php?rest_route=\/wp\/v2\/pages\/17\/revisions"}],"predecessor-version":[{"id":41,"href":"https:\/\/beriaux.be\/index.php?rest_route=\/wp\/v2\/pages\/17\/revisions\/41"}],"up":[{"embeddable":true,"href":"https:\/\/beriaux.be\/index.php?rest_route=\/wp\/v2\/pages\/10"}],"wp:attachment":[{"href":"https:\/\/beriaux.be\/index.php?rest_route=%2Fwp%2Fv2%2Fmedia&parent=17"}],"curies":[{"name":"wp","href":"https:\/\/api.w.org\/{rel}","templated":true}]}}