{"id":19,"date":"2012-05-14T15:15:26","date_gmt":"2012-05-14T15:15:26","guid":{"rendered":"http:\/\/www.beriaux.be\/?page_id=19"},"modified":"2012-05-15T03:22:39","modified_gmt":"2012-05-15T03:22:39","slug":"creativite","status":"publish","type":"page","link":"https:\/\/beriaux.be\/?page_id=19","title":{"rendered":"CREATIVITE"},"content":{"rendered":"<!-- default-view.php -->\n<div\n\tclass=\"ngg-galleryoverview default-view  ngg-ajax-pagination-none\"\n\tid=\"ngg-gallery-33f2a19349c771855ab038593ca0fd9b-1\">\n\n\t\t<!-- Thumbnails -->\n\t\t\t\t<div id=\"ngg-image-0\" class=\"ngg-gallery-thumbnail-box \" >\n\t\t\t\t        <div class=\"ngg-gallery-thumbnail\">\n            <a href=\"https:\/\/beriaux.be\/wp-content\/gallery\/creativite\/creativite01.jpg\"\n               title=\"\"\n               data-src=\"https:\/\/beriaux.be\/wp-content\/gallery\/creativite\/creativite01.jpg\"\n               data-thumbnail=\"https:\/\/beriaux.be\/wp-content\/gallery\/creativite\/thumbs\/thumbs_creativite01.jpg\"\n               data-image-id=\"11\"\n               data-title=\"creativite01\"\n               data-description=\"\"\n               data-image-slug=\"creativite01\"\n               class=\"shutterset_33f2a19349c771855ab038593ca0fd9b\">\n                <img\n                    title=\"creativite01\"\n                    alt=\"creativite01\"\n                    src=\"https:\/\/beriaux.be\/wp-content\/gallery\/creativite\/thumbs\/thumbs_creativite01.jpg\"\n                    width=\"100\"\n                    height=\"75\"\n                    style=\"max-width:100%;\"\n                \/>\n            <\/a>\n        <\/div>\n\t\t\t\t\t\t\t<\/div> \n\t\t\t\n\t\t\t\t<div id=\"ngg-image-1\" class=\"ngg-gallery-thumbnail-box \" >\n\t\t\t\t        <div class=\"ngg-gallery-thumbnail\">\n            <a href=\"https:\/\/beriaux.be\/wp-content\/gallery\/creativite\/creativite02.jpg\"\n               title=\"\"\n               data-src=\"https:\/\/beriaux.be\/wp-content\/gallery\/creativite\/creativite02.jpg\"\n               data-thumbnail=\"https:\/\/beriaux.be\/wp-content\/gallery\/creativite\/thumbs\/thumbs_creativite02.jpg\"\n               data-image-id=\"12\"\n               data-title=\"creativite02\"\n               data-description=\"\"\n               data-image-slug=\"creativite02\"\n               class=\"shutterset_33f2a19349c771855ab038593ca0fd9b\">\n                <img\n                    title=\"creativite02\"\n                    alt=\"creativite02\"\n                    src=\"https:\/\/beriaux.be\/wp-content\/gallery\/creativite\/thumbs\/thumbs_creativite02.jpg\"\n                    width=\"100\"\n                    height=\"75\"\n                    style=\"max-width:100%;\"\n                \/>\n            <\/a>\n        <\/div>\n\t\t\t\t\t\t\t<\/div> \n\t\t\t\n\t\n\t<br style=\"clear: both\" \/>\n\n\t\n\t\t<!-- Pagination -->\n\t<div class='ngg-clear'><\/div>\t<\/div>\n\n<p>La diversit\u00e9 des profil\u00e9s en aluminium et leurs accessoires offrent l\u2019avantage certain pour des r\u00e9alisations originales.<\/p>\n<p>Leurs dimensions, formes et couleurs permettent aux architectes certaines libert\u00e9s de cr\u00e9ation.<\/p>\n","protected":false},"excerpt":{"rendered":"<p>La diversit\u00e9 des profil\u00e9s en aluminium et leurs accessoires offrent l\u2019avantage certain pour des r\u00e9alisations originales. Leurs dimensions, formes et couleurs permettent aux architectes certaines libert\u00e9s de cr\u00e9ation.<\/p>\n","protected":false},"author":1,"featured_media":0,"parent":10,"menu_order":4,"comment_status":"closed","ping_status":"closed","template":"","meta":{"ngg_post_thumbnail":0},"_links":{"self":[{"href":"https:\/\/beriaux.be\/index.php?rest_route=\/wp\/v2\/pages\/19"}],"collection":[{"href":"https:\/\/beriaux.be\/index.php?rest_route=\/wp\/v2\/pages"}],"about":[{"href":"https:\/\/beriaux.be\/index.php?rest_route=\/wp\/v2\/types\/page"}],"author":[{"embeddable":true,"href":"https:\/\/beriaux.be\/index.php?rest_route=\/wp\/v2\/users\/1"}],"replies":[{"embeddable":true,"href":"https:\/\/beriaux.be\/index.php?rest_route=%2Fwp%2Fv2%2Fcomments&post=19"}],"version-history":[{"count":5,"href":"https:\/\/beriaux.be\/index.php?rest_route=\/wp\/v2\/pages\/19\/revisions"}],"predecessor-version":[{"id":43,"href":"https:\/\/beriaux.be\/index.php?rest_route=\/wp\/v2\/pages\/19\/revisions\/43"}],"up":[{"embeddable":true,"href":"https:\/\/beriaux.be\/index.php?rest_route=\/wp\/v2\/pages\/10"}],"wp:attachment":[{"href":"https:\/\/beriaux.be\/index.php?rest_route=%2Fwp%2Fv2%2Fmedia&parent=19"}],"curies":[{"name":"wp","href":"https:\/\/api.w.org\/{rel}","templated":true}]}}