{"id":2,"date":"2012-05-14T12:54:42","date_gmt":"2012-05-14T12:54:42","guid":{"rendered":"http:\/\/www.beriaux.be\/?page_id=2"},"modified":"2023-06-03T03:40:23","modified_gmt":"2023-06-03T01:40:23","slug":"vitrerie-bruxelles","status":"publish","type":"page","link":"https:\/\/beriaux.be\/","title":{"rendered":"VITRERIE"},"content":{"rendered":"<!-- default-view.php -->\n<div\n\tclass=\"ngg-galleryoverview default-view  ngg-ajax-pagination-none\"\n\tid=\"ngg-gallery-abd78602a134d8df435462ef96cc394d-1\">\n\n\t\t<!-- Thumbnails -->\n\t\t\t\t<div id=\"ngg-image-0\" class=\"ngg-gallery-thumbnail-box \" >\n\t\t\t\t        <div class=\"ngg-gallery-thumbnail\">\n            <a href=\"https:\/\/beriaux.be\/wp-content\/gallery\/vitrerie\/vitrerie01.jpg\"\n               title=\"\"\n               data-src=\"https:\/\/beriaux.be\/wp-content\/gallery\/vitrerie\/vitrerie01.jpg\"\n               data-thumbnail=\"https:\/\/beriaux.be\/wp-content\/gallery\/vitrerie\/thumbs\/thumbs_vitrerie01.jpg\"\n               data-image-id=\"1\"\n               data-title=\"vitrerie01\"\n               data-description=\"\"\n               data-image-slug=\"vitrerie01\"\n               class=\"shutterset_abd78602a134d8df435462ef96cc394d\">\n                <img\n                    title=\"vitrerie01\"\n                    alt=\"vitrerie01\"\n                    src=\"https:\/\/beriaux.be\/wp-content\/gallery\/vitrerie\/thumbs\/thumbs_vitrerie01.jpg\"\n                    width=\"100\"\n                    height=\"75\"\n                    style=\"max-width:100%;\"\n                \/>\n            <\/a>\n        <\/div>\n\t\t\t\t\t\t\t<\/div> \n\t\t\t\n\t\t\t\t<div id=\"ngg-image-1\" class=\"ngg-gallery-thumbnail-box \" >\n\t\t\t\t        <div class=\"ngg-gallery-thumbnail\">\n            <a href=\"https:\/\/beriaux.be\/wp-content\/gallery\/vitrerie\/vitrerie02.jpg\"\n               title=\"\"\n               data-src=\"https:\/\/beriaux.be\/wp-content\/gallery\/vitrerie\/vitrerie02.jpg\"\n               data-thumbnail=\"https:\/\/beriaux.be\/wp-content\/gallery\/vitrerie\/thumbs\/thumbs_vitrerie02.jpg\"\n               data-image-id=\"2\"\n               data-title=\"vitrerie02\"\n               data-description=\"\"\n               data-image-slug=\"vitrerie02\"\n               class=\"shutterset_abd78602a134d8df435462ef96cc394d\">\n                <img\n                    title=\"vitrerie02\"\n                    alt=\"vitrerie02\"\n                    src=\"https:\/\/beriaux.be\/wp-content\/gallery\/vitrerie\/thumbs\/thumbs_vitrerie02.jpg\"\n                    width=\"100\"\n                    height=\"75\"\n                    style=\"max-width:100%;\"\n                \/>\n            <\/a>\n        <\/div>\n\t\t\t\t\t\t\t<\/div> \n\t\t\t\n\t\t\t\t<div id=\"ngg-image-2\" class=\"ngg-gallery-thumbnail-box \" >\n\t\t\t\t        <div class=\"ngg-gallery-thumbnail\">\n            <a href=\"https:\/\/beriaux.be\/wp-content\/gallery\/vitrerie\/vitrerie03.jpg\"\n               title=\"\"\n               data-src=\"https:\/\/beriaux.be\/wp-content\/gallery\/vitrerie\/vitrerie03.jpg\"\n               data-thumbnail=\"https:\/\/beriaux.be\/wp-content\/gallery\/vitrerie\/thumbs\/thumbs_vitrerie03.jpg\"\n               data-image-id=\"3\"\n               data-title=\"vitrerie03\"\n               data-description=\"\"\n               data-image-slug=\"vitrerie03\"\n               class=\"shutterset_abd78602a134d8df435462ef96cc394d\">\n                <img\n                    title=\"vitrerie03\"\n                    alt=\"vitrerie03\"\n                    src=\"https:\/\/beriaux.be\/wp-content\/gallery\/vitrerie\/thumbs\/thumbs_vitrerie03.jpg\"\n                    width=\"100\"\n                    height=\"75\"\n                    style=\"max-width:100%;\"\n                \/>\n            <\/a>\n        <\/div>\n\t\t\t\t\t\t\t<\/div> \n\t\t\t\n\t\n\t<br style=\"clear: both\" \/>\n\n\t\n\t\t<!-- Pagination -->\n\t<div class='ngg-clear'><\/div>\t<\/div>\n\n<p>Vitrier depuis toujours&#8230;<\/p>\n<p>La vitrerie est le secteur dans lequel nous avons commenc\u00e9, et dans lequel nous ne sommes plus \u00e0 pr\u00e9senter.<\/p>\n<p>Si nous sommes toujours \u00e0 votre disposition pour le remplacement d\u2019un simple vitrage, nous avons bien entendu \u00e9volu\u00e9 avec les nouveaux produits et les nouvelles techniques toujours plus performantes mise aux points par les grandes industries verri\u00e8res, innovant chaque jour dans le domaine du confort, de la s\u00e9curit\u00e9, ou de la d\u00e9coration.<\/p>\n<p>VENTE EN GROS OU AU DETAIL :<\/p>\n<p>Nous pouvons vous proposer dans des d\u00e9lais court, un stock important de vitrage, et cela dans une gamme tr\u00e8s diverse, soit ;<\/p>\n<ul>\n<li>verres simples<\/li>\n<li>verres teint\u00e9s<\/li>\n<li>verres imprim\u00e9s<\/li>\n<li>verres feuillet\u00e9s<\/li>\n<li>miroirs<\/li>\n<li>miroirs teint\u00e9s, et oxyd\u00e9s<\/li>\n<li>verres sp\u00e9ciaux<\/li>\n<li>Acrylates et polycarbonates<\/li>\n<li>etc&#8230;<\/li>\n<\/ul>\n<p>Ainsi que tous les produits attenants \u00e0 la vitrerie, soit ;<\/p>\n<p>Mastic, silicone<br \/>\nOutillages<\/p>\n<p>ATELIER:<\/p>\n<p>Notre personnel et son outillage, sont \u00e0 votre disposition pour d\u00e9couper et fa\u00e7onner le verre aux dimensions et aux formes que vous souhaitez, ce ne sont pas les id\u00e9es qui manquent, et nous pouvons vous conseiller pour leurs r\u00e9alisations, soit ;<\/p>\n<ul>\n<li>D\u00e9coupe, rodage, per\u00e7age, etc&#8230;<\/li>\n<li>Assemblage, collage, collage aux U.V., etc&#8230;<\/li>\n<li>Cr\u00e9ation et restauration de vitraux.<\/li>\n<li>Cr\u00e9ation et r\u00e9paration de meuble en verre.<\/li>\n<\/ul>\n<p>D\u00e9pannage : SERVICE EXPRESS<\/p>\n<p>Remplacement de :<\/p>\n<ul>\n<li>Tous les vitrages simples et doubles<\/li>\n<li>Vitrine de magasin<\/li>\n<li>Porte tremp\u00e9e<\/li>\n<li>Vitrages et coupoles de toiture<\/li>\n<\/ul>\n<p>TRANSFORMATION DE CHASSIS EXISTANTS:<\/p>\n<p>Lorsque votre ch\u00e2ssis le permet, nous pouvons \u00e9galement r\u00e9soudre vos probl\u00e8mes d\u2019isolation ou de s\u00e9curit\u00e9 par l\u2019adaptation du ch\u00e2ssis \u00e0 la pose de ;<\/p>\n<ul>\n<li>Vitrages isolants<\/li>\n<li>Vitrages retardateurs d\u2019effraction<\/li>\n<\/ul>\n","protected":false},"excerpt":{"rendered":"<p>Vitrier depuis toujours&#8230; La vitrerie est le secteur dans lequel nous avons commenc\u00e9, et dans lequel nous ne sommes plus \u00e0 pr\u00e9senter. Si nous sommes toujours \u00e0 votre disposition pour le remplacement d\u2019un simple vitrage, nous avons bien entendu \u00e9volu\u00e9 avec les nouveaux produits et les nouvelles techniques toujours plus performantes mise aux points par [&hellip;]<\/p>\n","protected":false},"author":1,"featured_media":0,"parent":0,"menu_order":1,"comment_status":"closed","ping_status":"closed","template":"","meta":{"ngg_post_thumbnail":0},"_links":{"self":[{"href":"https:\/\/beriaux.be\/index.php?rest_route=\/wp\/v2\/pages\/2"}],"collection":[{"href":"https:\/\/beriaux.be\/index.php?rest_route=\/wp\/v2\/pages"}],"about":[{"href":"https:\/\/beriaux.be\/index.php?rest_route=\/wp\/v2\/types\/page"}],"author":[{"embeddable":true,"href":"https:\/\/beriaux.be\/index.php?rest_route=\/wp\/v2\/users\/1"}],"replies":[{"embeddable":true,"href":"https:\/\/beriaux.be\/index.php?rest_route=%2Fwp%2Fv2%2Fcomments&post=2"}],"version-history":[{"count":6,"href":"https:\/\/beriaux.be\/index.php?rest_route=\/wp\/v2\/pages\/2\/revisions"}],"predecessor-version":[{"id":119,"href":"https:\/\/beriaux.be\/index.php?rest_route=\/wp\/v2\/pages\/2\/revisions\/119"}],"wp:attachment":[{"href":"https:\/\/beriaux.be\/index.php?rest_route=%2Fwp%2Fv2%2Fmedia&parent=2"}],"curies":[{"name":"wp","href":"https:\/\/api.w.org\/{rel}","templated":true}]}}